{"id":345,"date":"2025-06-13T11:46:46","date_gmt":"2025-06-13T11:46:46","guid":{"rendered":"https:\/\/dividyo.com\/?page_id=345"},"modified":"2025-06-13T11:53:29","modified_gmt":"2025-06-13T11:53:29","slug":"kullanim-kosullari","status":"publish","type":"page","link":"https:\/\/dividyo.com\/en\/kullanim-kosullari\/","title":{"rendered":"Kullan\u0131m Ko\u015fullar\u0131"},"content":{"rendered":"\t\t<div data-elementor-type=\"wp-page\" data-elementor-id=\"345\" class=\"elementor elementor-345\" data-elementor-post-type=\"page\">\n\t\t\t\t<div class=\"elementor-element elementor-element-ced2d2c e-flex e-con-boxed e-con e-parent\" data-id=\"ced2d2c\" data-element_type=\"container\" data-settings=\"{&quot;background_background&quot;:&quot;classic&quot;}\">\n\t\t\t\t\t<div class=\"e-con-inner\">\n\t\t<div class=\"elementor-element elementor-element-3aad548 e-flex e-con-boxed e-con e-child\" data-id=\"3aad548\" data-element_type=\"container\">\n\t\t\t\t\t<div class=\"e-con-inner\">\n\t\t\t\t<div class=\"elementor-element elementor-element-7f068f1 elementor-invisible elementor-widget elementor-widget-heading\" data-id=\"7f068f1\" data-element_type=\"widget\" data-settings=\"{&quot;_animation&quot;:&quot;fadeInDown&quot;,&quot;_animation_delay&quot;:200}\" data-widget_type=\"heading.default\">\n\t\t\t\t<div class=\"elementor-widget-container\">\n\t\t\t\t\t<h1 class=\"elementor-heading-title elementor-size-default\">Kullan\u0131m Ko\u015fullar\u0131<\/h1>\t\t\t\t<\/div>\n\t\t\t\t<\/div>\n\t\t\t\t\t<\/div>\n\t\t\t\t<\/div>\n\t\t\t\t\t<\/div>\n\t\t\t\t<\/div>\n\t\t<div class=\"elementor-element elementor-element-841def8 e-flex e-con-boxed e-con e-parent\" data-id=\"841def8\" data-element_type=\"container\">\n\t\t\t\t\t<div class=\"e-con-inner\">\n\t\t\t\t<div class=\"elementor-element elementor-element-dc3a8e7 elementor-widget elementor-widget-text-editor\" data-id=\"dc3a8e7\" data-element_type=\"widget\" data-widget_type=\"text-editor.default\">\n\t\t\t\t<div class=\"elementor-widget-container\">\n\t\t\t\t\t\t\t\t\t<h4 data-sourcepos=\"11:1-11:17\"><strong>1. Giri\u015f<\/strong><\/h4><p data-sourcepos=\"12:1-12:351\">dividyo.com web sitesine ho\u015f geldiniz. Bu web sitesi, Dividyo&#8217;nun yapay zeka destekli video \u00fcretim platformunu ve hizmetlerini sunmaktad\u0131r. Sitemizi kullanarak a\u015fa\u011f\u0131da belirtilen kullan\u0131m ko\u015fullar\u0131n\u0131 kabul etmi\u015f olursunuz. L\u00fctfen bu ko\u015fullar\u0131 dikkatlice okuyunuz. Bu ko\u015fullar\u0131n herhangi bir maddesini kabul etmiyorsan\u0131z, l\u00fctfen sitemizi kullanmay\u0131n\u0131z.<\/p><h4 data-sourcepos=\"14:1-14:30\"><strong>2. Hizmetlerin Tan\u0131m\u0131<\/strong><\/h4><p data-sourcepos=\"15:1-15:408\">Dividyo, yapay zeka destekli video \u00fcretim hizmetleri sunan bir Profaj markas\u0131d\u0131r. Platformumuz, kullan\u0131c\u0131lar\u0131n h\u0131zl\u0131, b\u00fct\u00e7e dostu ve profesyonel video \u00e7\u00f6z\u00fcmleri \u00fcretmelerine olanak tan\u0131r. Hizmetlerimiz aras\u0131nda AI Reklam Videolar\u0131, AI Tan\u0131t\u0131m Videolar\u0131, CGI &amp; Viral Videolar, Yapay Zeka Sosyal Medya Videolar\u0131, Yapay Zeka \u00dcr\u00fcn Tan\u0131t\u0131m Videolar\u0131, AI Sokak R\u00f6portajlar\u0131 ve \u00d6zel G\u00fcn Videolar\u0131 bulunmaktad\u0131r.<\/p><h4 data-sourcepos=\"17:1-17:34\"><strong>3. Fikri M\u00fclkiyet Haklar\u0131<\/strong><\/h4><p data-sourcepos=\"18:1-18:386\">dividyo.com web sitesinin t\u00fcm i\u00e7eri\u011fi, yaz\u0131l\u0131m\u0131, g\u00f6rsel ve tasar\u0131mlar\u0131, metinleri, logolar\u0131, grafikler ve di\u011fer materyalleri Dividyo&#8217;ya (bir Profaj markas\u0131d\u0131r) aittir ve uluslararas\u0131 telif hakk\u0131 ve ticari marka yasalar\u0131 ile korunmaktad\u0131r. Sitemizdeki hi\u00e7bir i\u00e7erik, \u00f6nceden yaz\u0131l\u0131 izin al\u0131nmadan kopyalanamaz, \u00e7o\u011falt\u0131lamaz, da\u011f\u0131t\u0131lamaz, yay\u0131nlanamaz veya ba\u015fka bir \u015fekilde kullan\u0131lamaz.<\/p><h4 data-sourcepos=\"20:1-20:36\"><strong>4. Kullan\u0131c\u0131 Sorumluluklar\u0131<\/strong><\/h4><ul data-sourcepos=\"21:1-25:0\"><li data-sourcepos=\"21:1-21:97\">Kullan\u0131c\u0131lar, siteyi yasalara ve genel ahlak kurallar\u0131na uygun olarak kullanmay\u0131 kabul ederler.<\/li><li data-sourcepos=\"22:1-22:138\">Sitemiz \u00fczerinden sat\u0131n al\u0131nan hizmet paketlerinin kullan\u0131m\u0131nda, ilgili hizmetin ko\u015fullar\u0131na ve yasal d\u00fczenlemelere uyulmas\u0131 zorunludur.<\/li><li data-sourcepos=\"23:1-23:74\">Yanl\u0131\u015f, yan\u0131lt\u0131c\u0131 veya eksik bilgi sa\u011flamak kullan\u0131c\u0131 sorumlulu\u011fundad\u0131r.<\/li><li data-sourcepos=\"24:1-25:0\">Sitenin i\u015fleyi\u015fini bozacak veya di\u011fer kullan\u0131c\u0131lar\u0131n siteyi kullanmas\u0131n\u0131 engelleyecek herhangi bir faaliyette bulunmak yasakt\u0131r.<\/li><\/ul><h4 data-sourcepos=\"26:1-26:27\"><strong>5. \u00d6deme Ko\u015fullar\u0131<\/strong><\/h4><p data-sourcepos=\"27:1-27:288\">T\u00fcm online sat\u0131\u015flar i\u00e7in Iyzico entegrasyonu kullan\u0131lacakt\u0131r. Hizmet paketlerinin sat\u0131n al\u0131nmas\u0131 s\u0131ras\u0131nda belirtilen fiyatlar ge\u00e7erlidir ve \u00f6deme i\u015flemleri Iyzico altyap\u0131s\u0131 \u00fczerinden g\u00fcvenli bir \u015fekilde ger\u00e7ekle\u015ftirilir. Fiyatlar ve paket i\u00e7erikleri hizmete g\u00f6re de\u011fi\u015fiklik g\u00f6sterebilir.<\/p><h4 data-sourcepos=\"29:1-29:31\"><strong>6. Gizlilik Politikas\u0131<\/strong><\/h4><p data-sourcepos=\"30:1-30:193\">Dividyo, kullan\u0131c\u0131 bilgilerinin gizlili\u011fine b\u00fcy\u00fck \u00f6nem vermektedir. Ki\u015fisel verilerin toplanmas\u0131, kullan\u0131lmas\u0131 ve korunmas\u0131 hakk\u0131nda detayl\u0131 bilgi i\u00e7in l\u00fctfen Gizlilik Politikam\u0131z\u0131 inceleyiniz.<\/p><h4 data-sourcepos=\"32:1-32:28\"><strong>7. Sorumluluk Reddi<\/strong><\/h4><p data-sourcepos=\"33:1-33:270\">Dividyo, web sitesinde yer alan bilgilerin do\u011frulu\u011fu ve g\u00fcncelli\u011fi konusunda azami \u00f6zen g\u00f6stermekle birlikte, bu bilgilerin eksiksizli\u011fi veya hatas\u0131zl\u0131\u011f\u0131 konusunda garanti vermez. Sitenin kullan\u0131m\u0131ndan do\u011facak do\u011frudan veya dolayl\u0131 zararlardan Dividyo sorumlu tutulamaz.<\/p><h4 data-sourcepos=\"35:1-35:25\"><strong>8. De\u011fi\u015fiklikler<\/strong><\/h4><p data-sourcepos=\"36:1-36:223\">Dividyo, bu kullan\u0131m ko\u015fullar\u0131n\u0131 diledi\u011fi zaman tek tarafl\u0131 olarak de\u011fi\u015ftirme hakk\u0131n\u0131 sakl\u0131 tutar. De\u011fi\u015fiklikler, sitede yay\u0131nland\u0131\u011f\u0131 anda y\u00fcr\u00fcrl\u00fc\u011fe girer. Kullan\u0131c\u0131lar, g\u00fcncel kullan\u0131m ko\u015fullar\u0131n\u0131 takip etmekle y\u00fck\u00fcml\u00fcd\u00fcr.<\/p><h4 data-sourcepos=\"38:1-38:48\"><strong>9. Uygulanacak Hukuk ve Yetkili Mahkeme<\/strong><\/h4><p data-sourcepos=\"39:1-39:194\">Bu kullan\u0131m ko\u015fullar\u0131n\u0131n yorumlanmas\u0131nda ve uygulanmas\u0131nda T\u00fcrkiye Cumhuriyeti yasalar\u0131 ge\u00e7erlidir. Bu ko\u015fullardan do\u011fabilecek her t\u00fcrl\u00fc ihtilafta \u0130zmir Mahkemeleri ve \u0130cra Daireleri yetkilidir.<\/p>\t\t\t\t\t\t\t\t<\/div>\n\t\t\t\t<\/div>\n\t\t\t\t\t<\/div>\n\t\t\t\t<\/div>\n\t\t\t\t<\/div>\n\t\t","protected":false},"excerpt":{"rendered":"<p>1. Giri\u015f dividyo.com web sitesine ho\u015f geldiniz. Bu web sitesi, Dividyo&#8217;nun yapay zeka destekli video \u00fcretim platformunu ve hizmetlerini sunmaktad\u0131r. Sitemizi kullanarak a\u015fa\u011f\u0131da belirtilen kullan\u0131m ko\u015fullar\u0131n\u0131 kabul etmi\u015f olursunuz. L\u00fctfen bu ko\u015fullar\u0131 dikkatlice okuyunuz. Bu ko\u015fullar\u0131n herhangi bir maddesini kabul etmiyorsan\u0131z, l\u00fctfen sitemizi kullanmay\u0131n\u0131z. 2. Hizmetlerin Tan\u0131m\u0131 Dividyo, yapay zeka destekli video \u00fcretim hizmetleri sunan [&hellip;]<\/p>\n","protected":false},"author":1,"featured_media":0,"parent":0,"menu_order":0,"comment_status":"closed","ping_status":"closed","template":"","meta":{"_acf_changed":false,"footnotes":""},"class_list":["post-345","page","type-page","status-publish","hentry"],"acf":[],"_links":{"self":[{"href":"https:\/\/dividyo.com\/en\/wp-json\/wp\/v2\/pages\/345","targetHints":{"allow":["GET"]}}],"collection":[{"href":"https:\/\/dividyo.com\/en\/wp-json\/wp\/v2\/pages"}],"about":[{"href":"https:\/\/dividyo.com\/en\/wp-json\/wp\/v2\/types\/page"}],"author":[{"embeddable":true,"href":"https:\/\/dividyo.com\/en\/wp-json\/wp\/v2\/users\/1"}],"replies":[{"embeddable":true,"href":"https:\/\/dividyo.com\/en\/wp-json\/wp\/v2\/comments?post=345"}],"version-history":[{"count":7,"href":"https:\/\/dividyo.com\/en\/wp-json\/wp\/v2\/pages\/345\/revisions"}],"predecessor-version":[{"id":354,"href":"https:\/\/dividyo.com\/en\/wp-json\/wp\/v2\/pages\/345\/revisions\/354"}],"wp:attachment":[{"href":"https:\/\/dividyo.com\/en\/wp-json\/wp\/v2\/media?parent=345"}],"curies":[{"name":"wp","href":"https:\/\/api.w.org\/{rel}","templated":true}]}}